{"id":11915,"date":"2023-07-10T17:01:44","date_gmt":"2023-07-10T22:01:44","guid":{"rendered":"https:\/\/lumomedialab.wpcomstaging.com\/?page_id=11915"},"modified":"2026-02-06T10:47:37","modified_gmt":"2026-02-06T15:47:37","slug":"autorizacion-de-uso-de-datos","status":"publish","type":"page","link":"https:\/\/lumomedialab.com\/es\/autorizacion-de-uso-de-datos\/","title":{"rendered":"Autorizaci\u00f3n de uso de datos"},"content":{"rendered":"<div id=\"fws_69d61e5eaa4b3\"  data-column-margin=\"default\" data-midnight=\"dark\"  class=\"wpb_row vc_row-fluid vc_row  right_padding_35px left_padding_35px\"  style=\"padding-top: 100px; padding-bottom: 100px; \"><div class=\"row-bg-wrap\" data-bg-animation=\"none\" data-bg-overlay=\"false\"><div class=\"inner-wrap\"><div class=\"row-bg viewport-desktop\"  style=\"\"><\/div><\/div><\/div><div class=\"row_col_wrap_12 col span_12 dark left\">\n\t<div  class=\"vc_col-sm-12 wpb_column column_container vc_column_container col no-extra-padding inherit_tablet inherit_phone\"  data-padding-pos=\"all\" data-has-bg-color=\"false\" data-bg-color=\"\" data-bg-opacity=\"1\" data-animation=\"\" data-delay=\"0\" >\n\t\t<div class=\"vc_column-inner\" >\n\t\t\t<div class=\"wpb_wrapper\">\n\t\t\t\t\n<div class=\"wpb_text_column wpb_content_element  vc_custom_1689026478592\" >\n\t<div class=\"wpb_wrapper\">\n\t\t<h1>Autorizaci\u00f3n de uso de datos<\/h1>\n<hr \/>\n<h1><\/h1>\n\t<\/div>\n<\/div>\n\n\n\n\n<div class=\"wpb_text_column wpb_content_element\" >\n\t<div class=\"wpb_wrapper\">\n\t\t<p>Al hacer clic en <strong>la pol\u00edtica de tratamiento de informaci\u00f3n de<\/strong> <strong>CNEXT S.A.S.<\/strong>, manifiesto que soy el leg\u00edtimo titular de la informaci\u00f3n proporcionada y que la misma es veraz, completa, exacta, actualizada y verificable.<\/p>\n<p>Al hacer clic en la <strong>pol\u00edtica de tratamiento de informaci\u00f3n de CNEXT S.A.S.<\/strong>, declaro de manera libre, expresa, inequ\u00edvoca e informada, que AUTORIZO a <strong>CNEXT S.A.S.<\/strong>, as\u00ed como sus autorizadas, cesionarias, licenciatarias, filiales y\/o subordinadas, para que, en los t\u00e9rminos de la Ley 1581 de 2012 y su Decreto Reglamentario 1377 de 2013 y dem\u00e1s leyes aplicables, realice la recolecci\u00f3n, almacenamiento, depuraci\u00f3n, uso, circulaci\u00f3n, actualizaci\u00f3n, supresi\u00f3n, cruce con informaci\u00f3n propia y\/o de terceros autorizados y en general, el tratamiento de mis datos personales dentro de los cuales se encuentran aquellos datos sensibles proporcionados, para que dicho tratamiento se realice con el prop\u00f3sito de lograr las siguientes finalidades:<\/p>\n<ul>\n<li>Establecer la informaci\u00f3n consolidada y actualizada de su comunidad.<\/li>\n<li>Tener conocimiento de sus usuarios y de terceros, para actividades de segmentaci\u00f3n de p\u00fablicos.<\/li>\n<li>Desarrollar actividades e informativas.<\/li>\n<li>Realizar actividades relacionadas con programas de aceleraci\u00f3n, eventos o concursos relacionados.<\/li>\n<li>Contactar a los Titulares para monitorear y evaluar la calidad de los productos y servicios de la EMPRESA.<\/li>\n<\/ul>\n<p>As\u00ed mismo, declaro que se me ha informado, de manera clara y comprensible, que los datos personales, m\u00edos o de terceros a los que tengan acceso, no ser\u00e1n vendidos ni comercializados bajo ninguna modalidad y que tengo derecho a conocer, actualizar, rectificar mis datos personales proporcionados, a solicitar prueba de \u00e9sta autorizaci\u00f3n, a solicitar informaci\u00f3n sobre el uso que se le ha dado a mis datos personales, a presentar quejas ante el ente regulador conforme la legislaci\u00f3n aplicable por el uso indebido de los mismos, a revocar \u00e9sta autorizaci\u00f3n o solicitar la supresi\u00f3n de los datos personales suministrados, abstenerme de responder preguntas sobre datos sensibles, acceder de forma gratuita a los mismos, a solicitar la limitaci\u00f3n u oposici\u00f3n de cualquier tratamiento que se d\u00e9 a los datos suministrados y solicitar portabilidad de estos.<\/p>\n<p>Los datos personales que tratamos en <strong>CNEXT S.A.S.<\/strong> ser\u00e1n conservados \u00fanica y exclusivamente durante el tiempo que sea necesario para cumplir con las finalidades para las que se recabaron.<\/p>\n<p>Al hacer clic en esta pol\u00edtica de tratamiento de informaci\u00f3n, autorizo, manifiesto que conozco y acepto que la Pol\u00edtica de Tratamiento de la Informaci\u00f3n se encuentra disponible en la p\u00e1gina web: <a href=\"https:\/\/lumomedialab.com\/es\/\">www.lumomedialab.com<\/a>, la cual puedo consultar en cualquier momento, y que para efectos de realizar consultas y reclamos y en general ejercer mis derechos, me puedo dirigir a la direcci\u00f3n de correo electr\u00f3nico: <a href=\"mailto:lumomedialab@caracoltv.com.co\">lumomedialab@caracoltv.com.co<\/a>, o por medio escrito a la direcci\u00f3n: <strong>Cl. 103 #69b-43, Bogot\u00e1<\/strong>, dirigido al \u00e1rea <strong>LUMO MEDIA LAB<\/strong>.<\/p>\n\t<\/div>\n<\/div>\n\n\n\n\n\t\t\t<\/div> \n\t\t<\/div>\n\t<\/div> \n<\/div><\/div>","protected":false},"excerpt":{"rendered":"Autorizaci\u00f3n de uso de datos Al hacer clic en la pol\u00edtica de tratamiento de informaci\u00f3n de CNEXT S.A.S., manifiesto que soy el leg\u00edtimo titular de la informaci\u00f3n proporcionada y que la misma es veraz, completa, exacta, actualizada y verificable. Al hacer clic en la pol\u00edtica de tratamiento de informaci\u00f3n de CNEXT S.A.S., declaro de manera libre, expresa, inequ\u00edvoca e informada,...","protected":false},"author":218522615,"featured_media":0,"parent":0,"menu_order":0,"comment_status":"closed","ping_status":"closed","template":"","meta":{"_eb_attr":"","_crdt_document":"","jetpack_post_was_ever_published":false,"footnotes":""},"class_list":["post-11915","page","type-page","status-publish"],"yoast_head":"<!-- This site is optimized with the Yoast SEO plugin v27.3 - https:\/\/yoast.com\/product\/yoast-seo-wordpress\/ -->\n<title>Autorizaci\u00f3n de uso de datos - LUMO MediaLab<\/title>\n<meta name=\"robots\" content=\"index, follow, max-snippet:-1, max-image-preview:large, max-video-preview:-1\" \/>\n<link rel=\"canonical\" href=\"https:\/\/lumomedialab.com\/es\/autorizacion-de-uso-de-datos\/\" \/>\n<meta property=\"og:locale\" content=\"es_ES\" \/>\n<meta property=\"og:type\" content=\"article\" \/>\n<meta property=\"og:title\" content=\"Autorizaci\u00f3n de uso de datos - LUMO MediaLab\" \/>\n<meta property=\"og:url\" content=\"https:\/\/lumomedialab.com\/es\/autorizacion-de-uso-de-datos\/\" \/>\n<meta property=\"og:site_name\" content=\"LUMO MediaLab\" \/>\n<meta property=\"article:modified_time\" content=\"2026-02-06T15:47:37+00:00\" \/>\n<meta property=\"og:image\" content=\"https:\/\/i0.wp.com\/lumomedialab.com\/wp-content\/uploads\/2022\/04\/portadaa.jpg?fit=1920%2C1080&ssl=1\" \/>\n\t<meta property=\"og:image:width\" content=\"1920\" \/>\n\t<meta property=\"og:image:height\" content=\"1080\" \/>\n\t<meta property=\"og:image:type\" content=\"image\/jpeg\" \/>\n<meta name=\"twitter:card\" content=\"summary_large_image\" \/>\n<meta name=\"twitter:site\" content=\"@LumoMedialab\" \/>\n<meta name=\"twitter:label1\" content=\"Tiempo de lectura\" \/>\n\t<meta name=\"twitter:data1\" content=\"3 minutos\" \/>\n<script type=\"application\/ld+json\" class=\"yoast-schema-graph\">{\"@context\":\"https:\\\/\\\/schema.org\",\"@graph\":[{\"@type\":\"WebPage\",\"@id\":\"https:\\\/\\\/lumomedialab.com\\\/autorizacion-de-uso-de-datos\\\/\",\"url\":\"https:\\\/\\\/lumomedialab.com\\\/autorizacion-de-uso-de-datos\\\/\",\"name\":\"Autorizaci\u00f3n de uso de datos - LUMO MediaLab\",\"isPartOf\":{\"@id\":\"https:\\\/\\\/lumomedialab.com\\\/#website\"},\"datePublished\":\"2023-07-10T22:01:44+00:00\",\"dateModified\":\"2026-02-06T15:47:37+00:00\",\"breadcrumb\":{\"@id\":\"https:\\\/\\\/lumomedialab.com\\\/autorizacion-de-uso-de-datos\\\/#breadcrumb\"},\"inLanguage\":\"es\",\"potentialAction\":[{\"@type\":\"ReadAction\",\"target\":[\"https:\\\/\\\/lumomedialab.com\\\/autorizacion-de-uso-de-datos\\\/\"]}]},{\"@type\":\"BreadcrumbList\",\"@id\":\"https:\\\/\\\/lumomedialab.com\\\/autorizacion-de-uso-de-datos\\\/#breadcrumb\",\"itemListElement\":[{\"@type\":\"ListItem\",\"position\":1,\"name\":\"Home\",\"item\":\"https:\\\/\\\/lumomedialab.com\\\/\"},{\"@type\":\"ListItem\",\"position\":2,\"name\":\"Autorizaci\u00f3n de uso de datos\"}]},{\"@type\":\"WebSite\",\"@id\":\"https:\\\/\\\/lumomedialab.com\\\/#website\",\"url\":\"https:\\\/\\\/lumomedialab.com\\\/\",\"name\":\"LUMO MediaLab\",\"description\":\"Leading the future\",\"publisher\":{\"@id\":\"https:\\\/\\\/lumomedialab.com\\\/#organization\"},\"potentialAction\":[{\"@type\":\"SearchAction\",\"target\":{\"@type\":\"EntryPoint\",\"urlTemplate\":\"https:\\\/\\\/lumomedialab.com\\\/?s={search_term_string}\"},\"query-input\":{\"@type\":\"PropertyValueSpecification\",\"valueRequired\":true,\"valueName\":\"search_term_string\"}}],\"inLanguage\":\"es\"},{\"@type\":\"Organization\",\"@id\":\"https:\\\/\\\/lumomedialab.com\\\/#organization\",\"name\":\"LUMO MediaLab\",\"url\":\"https:\\\/\\\/lumomedialab.com\\\/\",\"logo\":{\"@type\":\"ImageObject\",\"inLanguage\":\"es\",\"@id\":\"https:\\\/\\\/lumomedialab.com\\\/#\\\/schema\\\/logo\\\/image\\\/\",\"url\":\"https:\\\/\\\/i0.wp.com\\\/lumomedialab.com\\\/wp-content\\\/uploads\\\/2022\\\/04\\\/logo.jpg?fit=1920%2C1080&ssl=1\",\"contentUrl\":\"https:\\\/\\\/i0.wp.com\\\/lumomedialab.com\\\/wp-content\\\/uploads\\\/2022\\\/04\\\/logo.jpg?fit=1920%2C1080&ssl=1\",\"width\":1920,\"height\":1080,\"caption\":\"LUMO MediaLab\"},\"image\":{\"@id\":\"https:\\\/\\\/lumomedialab.com\\\/#\\\/schema\\\/logo\\\/image\\\/\"},\"sameAs\":[\"https:\\\/\\\/x.com\\\/LumoMedialab\",\"https:\\\/\\\/www.instagram.com\\\/lumomedialab\\\/\",\"https:\\\/\\\/www.linkedin.com\\\/in\\\/lumo-medialab\\\/\"]}]}<\/script>\n<!-- \/ Yoast SEO plugin. -->","yoast_head_json":{"title":"Autorizaci\u00f3n de uso de datos - LUMO MediaLab","robots":{"index":"index","follow":"follow","max-snippet":"max-snippet:-1","max-image-preview":"max-image-preview:large","max-video-preview":"max-video-preview:-1"},"canonical":"https:\/\/lumomedialab.com\/es\/autorizacion-de-uso-de-datos\/","og_locale":"es_ES","og_type":"article","og_title":"Autorizaci\u00f3n de uso de datos - LUMO MediaLab","og_url":"https:\/\/lumomedialab.com\/es\/autorizacion-de-uso-de-datos\/","og_site_name":"LUMO MediaLab","article_modified_time":"2026-02-06T15:47:37+00:00","og_image":[{"width":1920,"height":1080,"url":"https:\/\/i0.wp.com\/lumomedialab.com\/wp-content\/uploads\/2022\/04\/portadaa.jpg?fit=1920%2C1080&ssl=1","type":"image\/jpeg"}],"twitter_card":"summary_large_image","twitter_site":"@LumoMedialab","twitter_misc":{"Tiempo de lectura":"3 minutos"},"schema":{"@context":"https:\/\/schema.org","@graph":[{"@type":"WebPage","@id":"https:\/\/lumomedialab.com\/autorizacion-de-uso-de-datos\/","url":"https:\/\/lumomedialab.com\/autorizacion-de-uso-de-datos\/","name":"Autorizaci\u00f3n de uso de datos - LUMO MediaLab","isPartOf":{"@id":"https:\/\/lumomedialab.com\/#website"},"datePublished":"2023-07-10T22:01:44+00:00","dateModified":"2026-02-06T15:47:37+00:00","breadcrumb":{"@id":"https:\/\/lumomedialab.com\/autorizacion-de-uso-de-datos\/#breadcrumb"},"inLanguage":"es","potentialAction":[{"@type":"ReadAction","target":["https:\/\/lumomedialab.com\/autorizacion-de-uso-de-datos\/"]}]},{"@type":"BreadcrumbList","@id":"https:\/\/lumomedialab.com\/autorizacion-de-uso-de-datos\/#breadcrumb","itemListElement":[{"@type":"ListItem","position":1,"name":"Home","item":"https:\/\/lumomedialab.com\/"},{"@type":"ListItem","position":2,"name":"Autorizaci\u00f3n de uso de datos"}]},{"@type":"WebSite","@id":"https:\/\/lumomedialab.com\/#website","url":"https:\/\/lumomedialab.com\/","name":"LUMO MediaLab","description":"Leading the future","publisher":{"@id":"https:\/\/lumomedialab.com\/#organization"},"potentialAction":[{"@type":"SearchAction","target":{"@type":"EntryPoint","urlTemplate":"https:\/\/lumomedialab.com\/?s={search_term_string}"},"query-input":{"@type":"PropertyValueSpecification","valueRequired":true,"valueName":"search_term_string"}}],"inLanguage":"es"},{"@type":"Organization","@id":"https:\/\/lumomedialab.com\/#organization","name":"LUMO MediaLab","url":"https:\/\/lumomedialab.com\/","logo":{"@type":"ImageObject","inLanguage":"es","@id":"https:\/\/lumomedialab.com\/#\/schema\/logo\/image\/","url":"https:\/\/i0.wp.com\/lumomedialab.com\/wp-content\/uploads\/2022\/04\/logo.jpg?fit=1920%2C1080&ssl=1","contentUrl":"https:\/\/i0.wp.com\/lumomedialab.com\/wp-content\/uploads\/2022\/04\/logo.jpg?fit=1920%2C1080&ssl=1","width":1920,"height":1080,"caption":"LUMO MediaLab"},"image":{"@id":"https:\/\/lumomedialab.com\/#\/schema\/logo\/image\/"},"sameAs":["https:\/\/x.com\/LumoMedialab","https:\/\/www.instagram.com\/lumomedialab\/","https:\/\/www.linkedin.com\/in\/lumo-medialab\/"]}]}},"jetpack_likes_enabled":true,"jetpack_sharing_enabled":true,"jetpack_shortlink":"https:\/\/wp.me\/PdNWGc-36b","_links":{"self":[{"href":"https:\/\/lumomedialab.com\/es\/wp-json\/wp\/v2\/pages\/11915","targetHints":{"allow":["GET"]}}],"collection":[{"href":"https:\/\/lumomedialab.com\/es\/wp-json\/wp\/v2\/pages"}],"about":[{"href":"https:\/\/lumomedialab.com\/es\/wp-json\/wp\/v2\/types\/page"}],"author":[{"embeddable":true,"href":"https:\/\/lumomedialab.com\/es\/wp-json\/wp\/v2\/users\/218522615"}],"replies":[{"embeddable":true,"href":"https:\/\/lumomedialab.com\/es\/wp-json\/wp\/v2\/comments?post=11915"}],"version-history":[{"count":6,"href":"https:\/\/lumomedialab.com\/es\/wp-json\/wp\/v2\/pages\/11915\/revisions"}],"predecessor-version":[{"id":16288,"href":"https:\/\/lumomedialab.com\/es\/wp-json\/wp\/v2\/pages\/11915\/revisions\/16288"}],"wp:attachment":[{"href":"https:\/\/lumomedialab.com\/es\/wp-json\/wp\/v2\/media?parent=11915"}],"curies":[{"name":"wp","href":"https:\/\/api.w.org\/{rel}","templated":true}]}}